{"id":10188,"date":"2023-04-12T08:51:20","date_gmt":"2023-04-12T04:51:20","guid":{"rendered":"https:\/\/architekonst.com\/layiheler\/"},"modified":"2025-10-30T02:28:59","modified_gmt":"2025-10-29T22:28:59","slug":"%d0%bf%d1%80%d0%be%d0%b5%d0%ba%d1%82%d1%8b","status":"publish","type":"page","link":"http:\/\/architekonst.com\/ru\/%d0%bf%d1%80%d0%be%d0%b5%d0%ba%d1%82%d1%8b\/","title":{"rendered":"\u041f\u0440\u043e\u0435\u043a\u0442\u044b"},"content":{"rendered":"\t\t<div data-elementor-type=\"wp-page\" data-elementor-id=\"10188\" class=\"elementor elementor-10188 elementor-496\" data-elementor-post-type=\"page\">\n\t\t\t\t        <section class=\"elementor-section elementor-top-section elementor-element elementor-element-1468c5d elementor-section-boxed elementor-section-height-default elementor-section-height-default pxl-row-scroll-none pxl-show-grid-none pxl-section-bg-none pxl-section-grid-bg-false\" data-id=\"1468c5d\" data-element_type=\"section\" data-e-type=\"section\">\n\n                \n                <div class=\"elementor-container elementor-column-gap-default \">\n                <div class=\"elementor-column elementor-col-100 elementor-top-column elementor-element elementor-element-5e7ca90 pxl-column-none\" data-id=\"5e7ca90\" data-element_type=\"column\" data-e-type=\"column\">\r\n        <div class=\"elementor-widget-wrap elementor-element-populated\">\r\n                     \r\n        \t\t<div class=\"elementor-element elementor-element-ec02df1 pxl-post-layout-portfolio-3 elementor-widget elementor-widget-pxl_post_grid\" data-id=\"ec02df1\" data-element_type=\"widget\" data-e-type=\"widget\" data-widget_type=\"pxl_post_grid.default\">\n\t\t\t\t<div class=\"elementor-widget-container\">\n\t\t\t\t\t\n<div id=\"pxl_post_grid-ec02df1-3655\" class=\"pxl-grid pxl-portfolio-grid-layout3 style2\" data-layout=\"masonry\" data-start-page=\"1\" data-max-pages=\"2\" data-total=\"7\" data-perpage=\"6\" data-next-link=\"http:\/\/architekonst.com\/ru\/wp-json\/wp\/v2\/pages\/10188\/page\/2\/\">\n            <div class=\"pxl-grid-filter pxl-grid-filter1\">\n            <div class=\"pxl-filter--inner\">\n                <span class=\"filter-item active\" data-filter=\"*\">HAMISI<\/span>\n                                                                            \n                    <span class=\"filter-item\" data-filter=\".pxl-term-140\">\n                        \u0426\u0415\u041d\u0422\u0420                    <\/span>\n                                                                            \n                    <span class=\"filter-item\" data-filter=\".pxl-term-139\">\n                        \u041f\u0410\u0420\u041a                    <\/span>\n                                                                            \n                    <span class=\"filter-item\" data-filter=\".pxl-term-135\">\n                        \u0412\u0418\u041b\u041b\u0410                    <\/span>\n                                                                            \n                    <span class=\"filter-item\" data-filter=\".pxl-term-136\">\n                        \u0416\u0418\u041b\u041e\u0419 \u0414\u041e\u041c                    <\/span>\n                            <\/div>\n            <div class=\"filter-marker\"><\/div>\n        <\/div>\n        <div class=\"pxl-grid-inner pxl-grid-masonry row\" data-gutter=\"15\">\n        <div class=\"grid-sizer col-xxl-12 col-xl-12 col-lg-12 col-md-12 col-sm-12 col-12\"><\/div>\n                    <div class=\"pxl-grid-item col-xxl-12 col-xl-12 col-lg-12 col-md-12 col-sm-12 col-12 pxl-term-135 pxl-term-136\">\n                <div class=\"pxl-item--inner \" data-wow-duration=\"1.2s\">\n                                            <div class=\"item--featured\">\n                            <a href=\"http:\/\/architekonst.com\/ru\/portfolio\/%d0%b6%d0%b8%d0%bb%d0%be%d0%b9-%d0%b4%d0%be%d0%bc-%d1%81-%d0%b1%d0%b0%d1%81%d1%81%d0%b5%d0%b9%d0%bd%d0%be%d0%bc\/\">\n                                <img fetchpriority=\"high\" decoding=\"async\" class=\"no-lazyload \" src=\"http:\/\/architekonst.com\/wp-content\/uploads\/2023\/06\/FY-B-Home-1017x600.webp\" width=\"1017\" height=\"600\" alt=\"FY-B-Home\" title=\"FY-B-Home\" \/>                            <\/a>\n                        <\/div>\n                                        <div class=\"item--content\">\n                                                    <div class=\"item--tags\"><a href=\"http:\/\/architekonst.com\/ru\/portfolio-tag\/%d0%b8%d0%bd%d0%b4%d0%b8%d0%b2%d0%b8%d0%b4%d1%83%d0%b0%d0%bb%d1%8c%d0%bd%d1%8b%d0%b9\/\" rel=\"tag\">\u0418\u041d\u0414\u0418\u0412\u0418\u0414\u0423\u0410\u041b\u042c\u041d\u042b\u0419<\/a><\/div>\n                                                <h4 class=\"item--title\"><a href=\"http:\/\/architekonst.com\/ru\/portfolio\/%d0%b6%d0%b8%d0%bb%d0%be%d0%b9-%d0%b4%d0%be%d0%bc-%d1%81-%d0%b1%d0%b0%d1%81%d1%81%d0%b5%d0%b9%d0%bd%d0%be%d0%bc\/\">\u0416\u0438\u043b\u043e\u0439 \u0434\u043e\u043c \u0441 \u0431\u0430\u0441\u0441\u0435\u0439\u043d\u043e\u043c<\/a><\/h4>\n                                                    <a class=\"item--button pxl-btn-line\" href=\"http:\/\/architekonst.com\/ru\/portfolio\/%d0%b6%d0%b8%d0%bb%d0%be%d0%b9-%d0%b4%d0%be%d0%bc-%d1%81-%d0%b1%d0%b0%d1%81%d1%81%d0%b5%d0%b9%d0%bd%d0%be%d0%bc\/\">\n                                <span class=\"btn-text\">\n                                    \u0423\u0417\u041d\u0410\u0422\u042c \u0411\u041e\u041b\u042c\u0428\u0415                                <\/span>\n                                <span class=\"btn-icon\">\n                                    <span class=\"line\"><\/span>\n                                    <span class=\"circle\"><\/span>\n                                    <span class=\"dot\"><\/span>\n                                <\/span>\n                            <\/a>\n                                            <\/div>\n                <\/div>\n            <\/div>\n                    <div class=\"pxl-grid-item col-xxl-12 col-xl-12 col-lg-12 col-md-12 col-sm-12 col-12 pxl-term-140\">\n                <div class=\"pxl-item--inner \" data-wow-duration=\"1.2s\">\n                                            <div class=\"item--featured\">\n                            <a href=\"http:\/\/architekonst.com\/ru\/portfolio\/hospital\/\">\n                                <img decoding=\"async\" class=\"no-lazyload \" src=\"http:\/\/architekonst.com\/wp-content\/uploads\/2023\/06\/hospital_full-1017x600.webp\" width=\"1017\" height=\"600\" alt=\"hospital_full\" title=\"hospital_full\" \/>                            <\/a>\n                        <\/div>\n                                        <div class=\"item--content\">\n                                                    <div class=\"item--tags\"><a href=\"http:\/\/architekonst.com\/ru\/portfolio-tag\/%d1%83%d1%81%d0%bb%d1%83%d0%b3%d0%b0\/\" rel=\"tag\">\u0423\u0421\u041b\u0423\u0413\u0410<\/a><\/div>\n                                                <h4 class=\"item--title\"><a href=\"http:\/\/architekonst.com\/ru\/portfolio\/hospital\/\">\u0413\u044f\u043d\u0434\u0436\u0438\u043d\u0441\u043a\u0438\u0439 \u0433\u0430\u0440\u043d\u0438\u0437\u043e\u043d\u043d\u044b\u0439 \u0432\u043e\u0435\u043d\u043d\u044b\u0439 \u0433\u043e\u0441\u043f\u0438\u0442\u0430\u043b\u044c<\/a><\/h4>\n                                                    <a class=\"item--button pxl-btn-line\" href=\"http:\/\/architekonst.com\/ru\/portfolio\/hospital\/\">\n                                <span class=\"btn-text\">\n                                    \u0423\u0417\u041d\u0410\u0422\u042c \u0411\u041e\u041b\u042c\u0428\u0415                                <\/span>\n                                <span class=\"btn-icon\">\n                                    <span class=\"line\"><\/span>\n                                    <span class=\"circle\"><\/span>\n                                    <span class=\"dot\"><\/span>\n                                <\/span>\n                            <\/a>\n                                            <\/div>\n                <\/div>\n            <\/div>\n                    <div class=\"pxl-grid-item col-xxl-12 col-xl-12 col-lg-12 col-md-12 col-sm-12 col-12 pxl-term-136\">\n                <div class=\"pxl-item--inner \" data-wow-duration=\"1.2s\">\n                                            <div class=\"item--featured\">\n                            <a href=\"http:\/\/architekonst.com\/ru\/portfolio\/novxani-villa\/\">\n                                <img decoding=\"async\" class=\"no-lazyload \" src=\"http:\/\/architekonst.com\/wp-content\/uploads\/2023\/06\/NV-Full-1017x600.webp\" width=\"1017\" height=\"600\" alt=\"NV-Full\" title=\"NV-Full\" \/>                            <\/a>\n                        <\/div>\n                                        <div class=\"item--content\">\n                                                    <div class=\"item--tags\"><a href=\"http:\/\/architekonst.com\/ru\/portfolio-tag\/%d0%b8%d0%bd%d0%b4%d0%b8%d0%b2%d0%b8%d0%b4%d1%83%d0%b0%d0%bb%d1%8c%d0%bd%d1%8b%d0%b9\/\" rel=\"tag\">\u0418\u041d\u0414\u0418\u0412\u0418\u0414\u0423\u0410\u041b\u042c\u041d\u042b\u0419<\/a><\/div>\n                                                <h4 class=\"item--title\"><a href=\"http:\/\/architekonst.com\/ru\/portfolio\/novxani-villa\/\">2-\u0445 \u044d\u0442\u0430\u0436\u043d\u044b\u0439 \u0447\u0430\u0441\u0442\u043d\u044b\u0439 \u0436\u0438\u043b\u043e\u0439 \u0434\u043e\u043c<\/a><\/h4>\n                                                    <a class=\"item--button pxl-btn-line\" href=\"http:\/\/architekonst.com\/ru\/portfolio\/novxani-villa\/\">\n                                <span class=\"btn-text\">\n                                    \u0423\u0417\u041d\u0410\u0422\u042c \u0411\u041e\u041b\u042c\u0428\u0415                                <\/span>\n                                <span class=\"btn-icon\">\n                                    <span class=\"line\"><\/span>\n                                    <span class=\"circle\"><\/span>\n                                    <span class=\"dot\"><\/span>\n                                <\/span>\n                            <\/a>\n                                            <\/div>\n                <\/div>\n            <\/div>\n                    <div class=\"pxl-grid-item col-xxl-12 col-xl-12 col-lg-12 col-md-12 col-sm-12 col-12 pxl-term-135 pxl-term-136\">\n                <div class=\"pxl-item--inner \" data-wow-duration=\"1.2s\">\n                                            <div class=\"item--featured\">\n                            <a href=\"http:\/\/architekonst.com\/ru\/portfolio\/qaradag-villa\/\">\n                                <img loading=\"lazy\" decoding=\"async\" class=\"no-lazyload \" src=\"http:\/\/architekonst.com\/wp-content\/uploads\/2023\/06\/Xezer5-1017x600.webp\" width=\"1017\" height=\"600\" alt=\"Xezer5\" title=\"Xezer5\" \/>                            <\/a>\n                        <\/div>\n                                        <div class=\"item--content\">\n                                                    <div class=\"item--tags\"><a href=\"http:\/\/architekonst.com\/ru\/portfolio-tag\/%d0%b8%d0%bd%d0%b4%d0%b8%d0%b2%d0%b8%d0%b4%d1%83%d0%b0%d0%bb%d1%8c%d0%bd%d1%8b%d0%b9\/\" rel=\"tag\">\u0418\u041d\u0414\u0418\u0412\u0418\u0414\u0423\u0410\u041b\u042c\u041d\u042b\u0419<\/a><\/div>\n                                                <h4 class=\"item--title\"><a href=\"http:\/\/architekonst.com\/ru\/portfolio\/qaradag-villa\/\">Qarada\u011f rayonunda A\u011f\u0131ll\u0131 ev<\/a><\/h4>\n                                                    <a class=\"item--button pxl-btn-line\" href=\"http:\/\/architekonst.com\/ru\/portfolio\/qaradag-villa\/\">\n                                <span class=\"btn-text\">\n                                    \u0423\u0417\u041d\u0410\u0422\u042c \u0411\u041e\u041b\u042c\u0428\u0415                                <\/span>\n                                <span class=\"btn-icon\">\n                                    <span class=\"line\"><\/span>\n                                    <span class=\"circle\"><\/span>\n                                    <span class=\"dot\"><\/span>\n                                <\/span>\n                            <\/a>\n                                            <\/div>\n                <\/div>\n            <\/div>\n                    <div class=\"pxl-grid-item col-xxl-12 col-xl-12 col-lg-12 col-md-12 col-sm-12 col-12 pxl-term-135 pxl-term-136\">\n                <div class=\"pxl-item--inner \" data-wow-duration=\"1.2s\">\n                                            <div class=\"item--featured\">\n                            <a href=\"http:\/\/architekonst.com\/ru\/portfolio\/villa-badamdar\/\">\n                                <img loading=\"lazy\" decoding=\"async\" class=\"no-lazyload \" src=\"http:\/\/architekonst.com\/wp-content\/uploads\/2023\/05\/FY5-1-1017x600.webp\" width=\"1017\" height=\"600\" alt=\"FY5-1\" title=\"FY5-1\" \/>                            <\/a>\n                        <\/div>\n                                        <div class=\"item--content\">\n                                                    <div class=\"item--tags\"><a href=\"http:\/\/architekonst.com\/ru\/portfolio-tag\/%d0%b8%d0%bd%d0%b4%d0%b8%d0%b2%d0%b8%d0%b4%d1%83%d0%b0%d0%bb%d1%8c%d0%bd%d1%8b%d0%b9\/\" rel=\"tag\">\u0418\u041d\u0414\u0418\u0412\u0418\u0414\u0423\u0410\u041b\u042c\u041d\u042b\u0419<\/a><\/div>\n                                                <h4 class=\"item--title\"><a href=\"http:\/\/architekonst.com\/ru\/portfolio\/villa-badamdar\/\">\u0418\u043d\u0434\u0438\u0432\u0438\u0434\u0443\u0430\u043b\u044c\u043d\u044b\u0439 \u0436\u0438\u043b\u043e\u0439 \u0434\u043e\u043c<\/a><\/h4>\n                                                    <a class=\"item--button pxl-btn-line\" href=\"http:\/\/architekonst.com\/ru\/portfolio\/villa-badamdar\/\">\n                                <span class=\"btn-text\">\n                                    \u0423\u0417\u041d\u0410\u0422\u042c \u0411\u041e\u041b\u042c\u0428\u0415                                <\/span>\n                                <span class=\"btn-icon\">\n                                    <span class=\"line\"><\/span>\n                                    <span class=\"circle\"><\/span>\n                                    <span class=\"dot\"><\/span>\n                                <\/span>\n                            <\/a>\n                                            <\/div>\n                <\/div>\n            <\/div>\n                    <div class=\"pxl-grid-item col-xxl-12 col-xl-12 col-lg-12 col-md-12 col-sm-12 col-12 pxl-term-139\">\n                <div class=\"pxl-item--inner \" data-wow-duration=\"1.2s\">\n                                            <div class=\"item--featured\">\n                            <a href=\"http:\/\/architekonst.com\/ru\/portfolio\/%d0%bf%d0%b0%d1%80%d0%ba-%d0%bf%d0%be%d0%b1%d0%b5%d0%b4%d1%8b-%d1%85%d0%b0%d0%bd%d0%ba%d0%b5%d0%bd%d0%b4%d0%b8\/\">\n                                <img loading=\"lazy\" decoding=\"async\" class=\"no-lazyload \" src=\"http:\/\/architekonst.com\/wp-content\/uploads\/2023\/05\/XP-QLAV-1017x600.webp\" width=\"1017\" height=\"600\" alt=\"XP-QLAV\" title=\"XP-QLAV\" \/>                            <\/a>\n                        <\/div>\n                                        <div class=\"item--content\">\n                                                    <div class=\"item--tags\"><a href=\"http:\/\/architekonst.com\/ru\/portfolio-tag\/%d0%bf%d1%80%d0%b8%d1%80%d0%be%d0%b4%d0%b0\/\" rel=\"tag\">\u041f\u0420\u0418\u0420\u041e\u0414\u0410<\/a><\/div>\n                                                <h4 class=\"item--title\"><a href=\"http:\/\/architekonst.com\/ru\/portfolio\/%d0%bf%d0%b0%d1%80%d0%ba-%d0%bf%d0%be%d0%b1%d0%b5%d0%b4%d1%8b-%d1%85%d0%b0%d0%bd%d0%ba%d0%b5%d0%bd%d0%b4%d0%b8\/\">\u041f\u0430\u0440\u043a \u041f\u043e\u0431\u0435\u0434\u044b, \u0425\u0430\u043d\u043a\u0435\u043d\u0434\u0438<\/a><\/h4>\n                                                    <a class=\"item--button pxl-btn-line\" href=\"http:\/\/architekonst.com\/ru\/portfolio\/%d0%bf%d0%b0%d1%80%d0%ba-%d0%bf%d0%be%d0%b1%d0%b5%d0%b4%d1%8b-%d1%85%d0%b0%d0%bd%d0%ba%d0%b5%d0%bd%d0%b4%d0%b8\/\">\n                                <span class=\"btn-text\">\n                                    \u0423\u0417\u041d\u0410\u0422\u042c \u0411\u041e\u041b\u042c\u0428\u0415                                <\/span>\n                                <span class=\"btn-icon\">\n                                    <span class=\"line\"><\/span>\n                                    <span class=\"circle\"><\/span>\n                                    <span class=\"dot\"><\/span>\n                                <\/span>\n                            <\/a>\n                                            <\/div>\n                <\/div>\n            <\/div>\n            <\/div>\n    <div class=\"pxl-grid-no-results\">No matching results.<\/div>\n                <div class=\"pxl-load-more pxl-loadmore-style1\" data-loadmore=\"{&quot;post_type&quot;:&quot;portfolio&quot;,&quot;layout&quot;:&quot;portfolio-3&quot;,&quot;layout_mode&quot;:&quot;masonry&quot;,&quot;startPage&quot;:1,&quot;maxPages&quot;:2,&quot;total&quot;:7,&quot;perpage&quot;:&quot;6&quot;,&quot;nextLink&quot;:&quot;http:\\\/\\\/architekonst.com\\\/ru\\\/wp-json\\\/wp\\\/v2\\\/pages\\\/10188\\\/page\\\/2\\\/&quot;,&quot;source&quot;:[&quot;merkez|portfolio-category&quot;,&quot;park|portfolio-category&quot;,&quot;villa-2|portfolio-category&quot;,&quot;yasayis-evi|portfolio-category&quot;],&quot;orderby&quot;:&quot;date&quot;,&quot;order&quot;:&quot;desc&quot;,&quot;limit&quot;:&quot;6&quot;,&quot;post_ids&quot;:[],&quot;col_xxl&quot;:12,&quot;col_xl&quot;:12,&quot;col_lg&quot;:12,&quot;col_md&quot;:12,&quot;col_sm&quot;:12,&quot;col_xs&quot;:12,&quot;pagination_type&quot;:&quot;loadmore&quot;,&quot;show_tag&quot;:&quot;true&quot;,&quot;show_button&quot;:&quot;true&quot;,&quot;button_text&quot;:&quot;\\u0423\\u0417\\u041d\\u0410\\u0422\\u042c \\u0411\\u041e\\u041b\\u042c\\u0428\\u0415&quot;,&quot;img_size&quot;:&quot;1017x600&quot;,&quot;grid_masonry&quot;:&quot;&quot;,&quot;pxl_animate&quot;:&quot;&quot;,&quot;tax&quot;:[&quot;portfolio-category&quot;,&quot;portfolio-category&quot;,&quot;portfolio-category&quot;,&quot;portfolio-category&quot;]}\">\n            <span class=\"btn pxl-btn-effect1\">\n                DAHA \u00c7OX                <span class=\"pxl-load-icon\"><\/span>\n            <\/span>\n        <\/div>\n    <\/div>\t\t\t\t<\/div>\n\t\t\t\t<\/div>\n\t\t            <\/div>\r\n        <\/div>\r\n        \t\t\t<\/div>\n\t\t<\/section>\n\t\t\t\t<\/div>\n\t\t","protected":false},"excerpt":{"rendered":"<p>HAMISI CENTER PARK VILLA RESIDENTIAL HOUSE INDIVIDUAL Residential House with Pool \u0423\u0417\u041d\u0410\u0422\u042c \u0411\u041e\u041b\u042c\u0428\u0415 SERVICE Ganja Garrison Military Hospital \u0423\u0417\u041d\u0410\u0422\u042c \u0411\u041e\u041b\u042c\u0428\u0415 INDIVIDUAL 2-storey private residential house \u0423\u0417\u041d\u0410\u0422\u042c \u0411\u041e\u041b\u042c\u0428\u0415 INDIVIDUAL Smart home in Garadagh district \u0423\u0417\u041d\u0410\u0422\u042c \u0411\u041e\u041b\u042c\u0428\u0415 INDIVIDUAL Individual residential house \u0423\u0417\u041d\u0410\u0422\u042c \u0411\u041e\u041b\u042c\u0428\u0415 NATURE Victory Park, Khankendi \u0423\u0417\u041d\u0410\u0422\u042c \u0411\u041e\u041b\u042c\u0428\u0415 No matching results. DAHA \u00c7OX<\/p>\n","protected":false},"author":1,"featured_media":0,"parent":0,"menu_order":0,"comment_status":"closed","ping_status":"closed","template":"","meta":{"footnotes":""},"class_list":["post-10188","page","type-page","status-publish","hentry"],"_links":{"self":[{"href":"http:\/\/architekonst.com\/ru\/wp-json\/wp\/v2\/pages\/10188","targetHints":{"allow":["GET"]}}],"collection":[{"href":"http:\/\/architekonst.com\/ru\/wp-json\/wp\/v2\/pages"}],"about":[{"href":"http:\/\/architekonst.com\/ru\/wp-json\/wp\/v2\/types\/page"}],"author":[{"embeddable":true,"href":"http:\/\/architekonst.com\/ru\/wp-json\/wp\/v2\/users\/1"}],"replies":[{"embeddable":true,"href":"http:\/\/architekonst.com\/ru\/wp-json\/wp\/v2\/comments?post=10188"}],"version-history":[{"count":4,"href":"http:\/\/architekonst.com\/ru\/wp-json\/wp\/v2\/pages\/10188\/revisions"}],"predecessor-version":[{"id":10594,"href":"http:\/\/architekonst.com\/ru\/wp-json\/wp\/v2\/pages\/10188\/revisions\/10594"}],"wp:attachment":[{"href":"http:\/\/architekonst.com\/ru\/wp-json\/wp\/v2\/media?parent=10188"}],"curies":[{"name":"wp","href":"https:\/\/api.w.org\/{rel}","templated":true}]}}